{"id":21667,"date":"2024-07-16T14:09:57","date_gmt":"2024-07-16T14:09:57","guid":{"rendered":"https:\/\/advance.fredericoavo.com\/?page_id=21667"},"modified":"2024-12-19T14:33:14","modified_gmt":"2024-12-19T14:33:14","slug":"servicos-de-transformacao","status":"publish","type":"page","link":"https:\/\/advanceworks.ai\/pt\/services\/transformation-services\/","title":{"rendered":"Servi\u00e7os de Transforma\u00e7\u00e3o"},"content":{"rendered":"<div data-elementor-type=\"wp-page\" data-elementor-id=\"21667\" class=\"elementor elementor-21667\" data-elementor-post-type=\"page\">\n\t\t\t\t<div class=\"elementor-element elementor-element-4c08eff e-con-full e-flex e-con e-parent\" data-id=\"4c08eff\" data-element_type=\"container\" data-settings=\"{&quot;background_background&quot;:&quot;classic&quot;}\">\n\t\t\t\t<\/div>\n\t\t<div class=\"elementor-element elementor-element-c08a792 e-con-full e-flex e-con e-parent\" data-id=\"c08a792\" data-element_type=\"container\" data-settings=\"{&quot;background_background&quot;:&quot;classic&quot;}\">\n\t\t<div class=\"elementor-element elementor-element-84d6a3e e-con-full e-flex e-con e-child\" data-id=\"84d6a3e\" data-element_type=\"container\">\n\t\t\t\t<div class=\"elementor-element elementor-element-f2fcfa5 elementor-widget elementor-widget-heading\" data-id=\"f2fcfa5\" data-element_type=\"widget\" data-widget_type=\"heading.default\">\n\t\t\t\t<div class=\"elementor-widget-container\">\n\t\t\t<h2 class=\"elementor-heading-title elementor-size-default\">Servi\u00e7os - Servi\u00e7os de Transforma\u00e7\u00e3o<\/h2>\t\t<\/div>\n\t\t\t\t<\/div>\n\t\t\t\t<div class=\"elementor-element elementor-element-4913740 elementor-widget-mobile__width-inherit elementor-widget__width-initial dot-headings-all elementor-widget elementor-widget-einar_core_custom_font\" data-id=\"4913740\" data-element_type=\"widget\" data-widget_type=\"einar_core_custom_font.default\">\n\t\t\t\t<div class=\"elementor-widget-container\">\n\t\t\t<div class=\"qodef-custom-font-holder\">\n<h3 class=\"qodef-shortcode qodef-m  qodef-custom-font qodef-custom-font-572 qodef-layout--simple    qodef-title-break--disabled  qodef-decoration--circle\" style=\"color: #000000;font-size: 3vw\">\n\t\t\t\t\t\tGuiar a sua organiza\u00e7\u00e3o atrav\u00e9s da mudan\u00e7a para alcan\u00e7ar crescimento e sucesso sustent\u00e1veis\t\t\n\t\t<span class=\"qodef-e-decoration\" style=\"color: #000000\"><svg class=\"qodef-svg--decoration-circle-big\" xmlns=\"http:\/\/www.w3.org\/2000\/svg\" width=\"45\" height=\"45\" viewbox=\"0 0 45 45\" fill=\"currentColor\"><path d=\"M22.5,45a21.9294,21.9294,0,0,1-8.7246-1.7471A22.8417,22.8417,0,0,1,1.7366,31.2358,21.5312,21.5312,0,0,1,0,22.5a22.0429,22.0429,0,0,1,1.7788-8.7358A22.952,22.952,0,0,1,6.6267,6.5947a22.5781,22.5781,0,0,1,7.1587-4.8472A21.858,21.858,0,0,1,22.5,0a21.9789,21.9789,0,0,1,8.7461,1.7476,22.4274,22.4274,0,0,1,7.16,4.8472,22.9154,22.9154,0,0,1,4.8262,7.1694A22.1723,22.1723,0,0,1,45,22.5a21.671,21.671,0,0,1-1.7246,8.7358,22.8132,22.8132,0,0,1-4.8379,7.17,22.5118,22.5118,0,0,1-7.18,4.8472A22.07,22.07,0,0,1,22.5,45Z\"\/><\/svg><\/span>\t<\/h3>\n<\/div>\n\t\t<\/div>\n\t\t\t\t<\/div>\n\t\t\t\t<\/div>\n\t\t\t\t<\/div>\n\t\t<div class=\"elementor-element elementor-element-47cb9fa e-con-full e-flex e-con e-parent\" data-id=\"47cb9fa\" data-element_type=\"container\">\n\t\t<div class=\"elementor-element elementor-element-5672f76 e-con-full e-flex e-con e-child\" data-id=\"5672f76\" data-element_type=\"container\">\n\t\t\t\t<div class=\"elementor-element elementor-element-dc085d9 elementor-widget elementor-widget-image\" data-id=\"dc085d9\" data-element_type=\"widget\" data-widget_type=\"image.default\">\n\t\t\t\t<div class=\"elementor-widget-container\">\n\t\t\t\t\t\t\t\t\t\t\t\t\t<img fetchpriority=\"high\" decoding=\"async\" width=\"641\" height=\"841\" src=\"https:\/\/advanceworks.ai\/wp-content\/uploads\/2024\/05\/2150010138.png\" class=\"attachment-full size-full wp-image-8610\" alt=\"\" srcset=\"https:\/\/advanceworks.ai\/wp-content\/uploads\/2024\/05\/2150010138.png 641w, https:\/\/advanceworks.ai\/wp-content\/uploads\/2024\/05\/2150010138-229x300.png 229w\" sizes=\"(max-width: 641px) 100vw, 641px\" \/>\t\t\t\t\t\t\t\t\t\t\t\t\t<\/div>\n\t\t\t\t<\/div>\n\t\t\t\t<\/div>\n\t\t<div class=\"elementor-element elementor-element-ff6d45d e-con-full e-flex e-con e-child\" data-id=\"ff6d45d\" data-element_type=\"container\">\n\t\t\t\t<div class=\"elementor-element elementor-element-da078b9 elementor-widget elementor-widget-heading\" data-id=\"da078b9\" data-element_type=\"widget\" data-widget_type=\"heading.default\">\n\t\t\t\t<div class=\"elementor-widget-container\">\n\t\t\t<h2 class=\"elementor-heading-title elementor-size-default\">Transforma\u00e7\u00e3o<br>\nServi\u00e7os<\/h2>\t\t<\/div>\n\t\t\t\t<\/div>\n\t\t\t\t<div class=\"elementor-element elementor-element-efe9be1 elementor-widget elementor-widget-text-editor\" data-id=\"efe9be1\" data-element_type=\"widget\" data-widget_type=\"text-editor.default\">\n\t\t\t\t<div class=\"elementor-widget-container\">\n\t\t\t\t\t\t\t<p>A nossa equipa tem anos de experi\u00eancia a trabalhar com organiza\u00e7\u00f5es de todas as dimens\u00f5es, e compreendemos os desafios e oportunidades \u00fanicos que cada setor enfrenta. Seremos capazes de fornecer insights e recomenda\u00e7\u00f5es valiosos, adaptados \u00e0s suas necessidades e objetivos de neg\u00f3cio espec\u00edficos.<\/p><p>N\u00e3o s\u00f3 o ajudaremos a desenvolver um plano de a\u00e7\u00e3o abrangente, como tamb\u00e9m o auxiliaremos na sua implementa\u00e7\u00e3o e execu\u00e7\u00e3o. Temos a experi\u00eancia para o ajudar em tudo, desde a melhoria de processos \u00e0 implementa\u00e7\u00e3o de tecnologia e gest\u00e3o da mudan\u00e7a.<\/p><p>Com o nosso apoio, conseguir\u00e1 alcan\u00e7ar resultados sustent\u00e1veis que impulsionam valor real para o neg\u00f3cio. Um dos principais diferenciais do nosso servi\u00e7o \u00e9 a abordagem ponta a ponta que adotamos para ajudar as organiza\u00e7\u00f5es a atingir os seus objetivos.<\/p><p>A nossa abordagem integrada garante que todos os elementos da sua transforma\u00e7\u00e3o digital e empresarial estejam perfeitamente alinhados, resultando num processo mais eficaz e eficiente. N\u00e3o s\u00f3 o ajudaremos a atingir os seus objetivos, como tamb\u00e9m lhe forneceremos um caminho claro para o seu crescimento e desenvolvimento futuros.<\/p><p>Connosco, poder\u00e1 aproveitar o poder da tecnologia digital para levar a sua organiza\u00e7\u00e3o ao pr\u00f3ximo n\u00edvel.<\/p>\t\t\t\t\t\t<\/div>\n\t\t\t\t<\/div>\n\t\t\t\t<\/div>\n\t\t\t\t<\/div>\n\t\t<div class=\"elementor-element elementor-element-9d84363 e-con-full e-flex e-con e-parent\" data-id=\"9d84363\" data-element_type=\"container\" data-settings=\"{&quot;background_background&quot;:&quot;classic&quot;}\">\n\t\t<div class=\"elementor-element elementor-element-da71bf8 e-con-full elementor-hidden-widescreen elementor-hidden-desktop elementor-hidden-tablet elementor-hidden-mobile e-flex e-con e-child\" data-id=\"da71bf8\" data-element_type=\"container\">\n\t\t\t\t<div class=\"elementor-element elementor-element-3206865 elementor-widget elementor-widget-heading\" data-id=\"3206865\" data-element_type=\"widget\" data-widget_type=\"heading.default\">\n\t\t\t\t<div class=\"elementor-widget-container\">\n\t\t\t<h2 class=\"elementor-heading-title elementor-size-default\">Pilha tecnol\u00f3gica <\/h2>\t\t<\/div>\n\t\t\t\t<\/div>\n\t\t\t\t<div class=\"elementor-element elementor-element-b55058b elementor-widget-mobile__width-inherit elementor-widget__width-initial dot-headings-all elementor-widget elementor-widget-einar_core_custom_font\" data-id=\"b55058b\" data-element_type=\"widget\" data-widget_type=\"einar_core_custom_font.default\">\n\t\t\t\t<div class=\"elementor-widget-container\">\n\t\t\t<div class=\"qodef-custom-font-holder\">\n<h3 class=\"qodef-shortcode qodef-m  qodef-custom-font qodef-custom-font-714 qodef-layout--simple    qodef-title-break--disabled  qodef-decoration--circle\" style=\"color: #000000;font-size: 3vw\">\n\t\t\t\t\t\tN\u00f3s falamos fluentemente\t\t\n\t\t<span class=\"qodef-e-decoration\" style=\"color: #000000\"><svg class=\"qodef-svg--decoration-circle-big\" xmlns=\"http:\/\/www.w3.org\/2000\/svg\" width=\"45\" height=\"45\" viewbox=\"0 0 45 45\" fill=\"currentColor\"><path d=\"M22.5,45a21.9294,21.9294,0,0,1-8.7246-1.7471A22.8417,22.8417,0,0,1,1.7366,31.2358,21.5312,21.5312,0,0,1,0,22.5a22.0429,22.0429,0,0,1,1.7788-8.7358A22.952,22.952,0,0,1,6.6267,6.5947a22.5781,22.5781,0,0,1,7.1587-4.8472A21.858,21.858,0,0,1,22.5,0a21.9789,21.9789,0,0,1,8.7461,1.7476,22.4274,22.4274,0,0,1,7.16,4.8472,22.9154,22.9154,0,0,1,4.8262,7.1694A22.1723,22.1723,0,0,1,45,22.5a21.671,21.671,0,0,1-1.7246,8.7358,22.8132,22.8132,0,0,1-4.8379,7.17,22.5118,22.5118,0,0,1-7.18,4.8472A22.07,22.07,0,0,1,22.5,45Z\"\/><\/svg><\/span>\t<\/h3>\n<\/div>\n\t\t<\/div>\n\t\t\t\t<\/div>\n\t\t<div class=\"elementor-element elementor-element-dc4dd76 e-con-full e-grid e-con e-child\" data-id=\"dc4dd76\" data-element_type=\"container\">\n\t\t<div class=\"elementor-element elementor-element-e2a4b0f e-flex e-con-boxed e-con e-child\" data-id=\"e2a4b0f\" data-element_type=\"container\">\n\t\t\t\t\t<div class=\"e-con-inner\">\n\t\t\t\t<div class=\"elementor-element elementor-element-e7c713b elementor-widget elementor-widget-image\" data-id=\"e7c713b\" data-element_type=\"widget\" data-widget_type=\"image.default\">\n\t\t\t\t<div class=\"elementor-widget-container\">\n\t\t\t\t\t\t\t\t\t\t\t\t\t<img decoding=\"async\" width=\"109\" height=\"154\" src=\"https:\/\/advanceworks.ai\/wp-content\/uploads\/2024\/07\/logo_html.jpg\" class=\"attachment-large size-large wp-image-21606\" alt=\"\" \/>\t\t\t\t\t\t\t\t\t\t\t\t\t<\/div>\n\t\t\t\t<\/div>\n\t\t\t\t<div class=\"elementor-element elementor-element-2c68705 elementor-widget elementor-widget-heading\" data-id=\"2c68705\" data-element_type=\"widget\" data-widget_type=\"heading.default\">\n\t\t\t\t<div class=\"elementor-widget-container\">\n\t\t\t<h6 class=\"elementor-heading-title elementor-size-default\">HTML5<\/h6>\t\t<\/div>\n\t\t\t\t<\/div>\n\t\t\t\t\t<\/div>\n\t\t\t\t<\/div>\n\t\t\t\t<\/div>\n\t\t\t\t<\/div>\n\t\t\t\t<\/div>\n\t\t\t\t<\/div>","protected":false},"excerpt":{"rendered":"<p>Services &#8211; Transformation Services Guiding your organization through change to achieve sustainable growth and success Transformation Services Our team has years of experience working with organizations of all sizes, and we understand the unique challenges and opportunities that each industry faces. We will be able to provide valuable insights and recommendations that are tailored to [&hellip;]<\/p>\n","protected":false},"author":2,"featured_media":0,"parent":6697,"menu_order":0,"comment_status":"closed","ping_status":"closed","template":"page-full-width.php","meta":{"_acf_changed":false,"footnotes":""},"class_list":["post-21667","page","type-page","status-publish","hentry"],"acf":[],"yoast_head":"<!-- This site is optimized with the Yoast SEO plugin v23.4 - https:\/\/yoast.com\/wordpress\/plugins\/seo\/ -->\n<title>Transformation Services - AdvanceWorks<\/title>\n<meta name=\"robots\" content=\"index, follow, max-snippet:-1, max-image-preview:large, max-video-preview:-1\" \/>\n<link rel=\"canonical\" href=\"https:\/\/advanceworks.ai\/pt\/servicos\/servicos-de-transformacao\/\" \/>\n<meta property=\"og:locale\" content=\"pt_PT\" \/>\n<meta property=\"og:type\" content=\"article\" \/>\n<meta property=\"og:title\" content=\"Transformation Services - AdvanceWorks\" \/>\n<meta property=\"og:description\" content=\"Services &#8211; Transformation Services Guiding your organization through change to achieve sustainable growth and success Transformation Services Our team has years of experience working with organizations of all sizes, and we understand the unique challenges and opportunities that each industry faces. We will be able to provide valuable insights and recommendations that are tailored to [&hellip;]\" \/>\n<meta property=\"og:url\" content=\"https:\/\/advanceworks.ai\/pt\/servicos\/servicos-de-transformacao\/\" \/>\n<meta property=\"og:site_name\" content=\"AdvanceWorks\" \/>\n<meta property=\"article:publisher\" content=\"https:\/\/www.facebook.com\/people\/AdvanceWorks\/100087286743333\/\" \/>\n<meta property=\"article:modified_time\" content=\"2024-12-19T14:33:14+00:00\" \/>\n<meta property=\"og:image\" content=\"https:\/\/advance.fredericoavo.com\/wp-content\/uploads\/2024\/05\/2150010138.png\" \/>\n<meta name=\"twitter:card\" content=\"summary_large_image\" \/>\n<meta name=\"twitter:site\" content=\"@advanceworks0\" \/>\n<meta name=\"twitter:label1\" content=\"Tempo estimado de leitura\" \/>\n\t<meta name=\"twitter:data1\" content=\"2 minutos\" \/>\n<script type=\"application\/ld+json\" class=\"yoast-schema-graph\">{\"@context\":\"https:\/\/schema.org\",\"@graph\":[{\"@type\":\"WebPage\",\"@id\":\"https:\/\/advanceworks.ai\/services\/transformation-services\/\",\"url\":\"https:\/\/advanceworks.ai\/services\/transformation-services\/\",\"name\":\"Transformation Services - AdvanceWorks\",\"isPartOf\":{\"@id\":\"https:\/\/advanceworks.ai\/#website\"},\"primaryImageOfPage\":{\"@id\":\"https:\/\/advanceworks.ai\/services\/transformation-services\/#primaryimage\"},\"image\":{\"@id\":\"https:\/\/advanceworks.ai\/services\/transformation-services\/#primaryimage\"},\"thumbnailUrl\":\"https:\/\/advance.fredericoavo.com\/wp-content\/uploads\/2024\/05\/2150010138.png\",\"datePublished\":\"2024-07-16T14:09:57+00:00\",\"dateModified\":\"2024-12-19T14:33:14+00:00\",\"breadcrumb\":{\"@id\":\"https:\/\/advanceworks.ai\/services\/transformation-services\/#breadcrumb\"},\"inLanguage\":\"pt-PT\",\"potentialAction\":[{\"@type\":\"ReadAction\",\"target\":[\"https:\/\/advanceworks.ai\/services\/transformation-services\/\"]}]},{\"@type\":\"ImageObject\",\"inLanguage\":\"pt-PT\",\"@id\":\"https:\/\/advanceworks.ai\/services\/transformation-services\/#primaryimage\",\"url\":\"https:\/\/advance.fredericoavo.com\/wp-content\/uploads\/2024\/05\/2150010138.png\",\"contentUrl\":\"https:\/\/advance.fredericoavo.com\/wp-content\/uploads\/2024\/05\/2150010138.png\"},{\"@type\":\"BreadcrumbList\",\"@id\":\"https:\/\/advanceworks.ai\/services\/transformation-services\/#breadcrumb\",\"itemListElement\":[{\"@type\":\"ListItem\",\"position\":1,\"name\":\"Home\",\"item\":\"https:\/\/advanceworks.ai\/\"},{\"@type\":\"ListItem\",\"position\":2,\"name\":\"Services\",\"item\":\"https:\/\/advanceworks.ai\/services\/\"},{\"@type\":\"ListItem\",\"position\":3,\"name\":\"Transformation Services\"}]},{\"@type\":\"WebSite\",\"@id\":\"https:\/\/advanceworks.ai\/#website\",\"url\":\"https:\/\/advanceworks.ai\/\",\"name\":\"AdvanceWorks\",\"description\":\"\",\"publisher\":{\"@id\":\"https:\/\/advanceworks.ai\/#organization\"},\"potentialAction\":[{\"@type\":\"SearchAction\",\"target\":{\"@type\":\"EntryPoint\",\"urlTemplate\":\"https:\/\/advanceworks.ai\/?s={search_term_string}\"},\"query-input\":{\"@type\":\"PropertyValueSpecification\",\"valueRequired\":true,\"valueName\":\"search_term_string\"}}],\"inLanguage\":\"pt-PT\"},{\"@type\":\"Organization\",\"@id\":\"https:\/\/advanceworks.ai\/#organization\",\"name\":\"AdvanceWorks\",\"url\":\"https:\/\/advanceworks.ai\/\",\"logo\":{\"@type\":\"ImageObject\",\"inLanguage\":\"pt-PT\",\"@id\":\"https:\/\/advanceworks.ai\/#\/schema\/logo\/image\/\",\"url\":\"https:\/\/advance.fredericoavo.com\/wp-content\/uploads\/2024\/06\/logo-header-Ne.svg\",\"contentUrl\":\"https:\/\/advance.fredericoavo.com\/wp-content\/uploads\/2024\/06\/logo-header-Ne.svg\",\"width\":825,\"height\":77,\"caption\":\"AdvanceWorks\"},\"image\":{\"@id\":\"https:\/\/advanceworks.ai\/#\/schema\/logo\/image\/\"},\"sameAs\":[\"https:\/\/www.facebook.com\/people\/AdvanceWorks\/100087286743333\/\",\"https:\/\/x.com\/advanceworks0\",\"https:\/\/www.instagram.com\/aw_advanceworks\/\",\"https:\/\/pt.linkedin.com\/company\/advance-works\"]}]}<\/script>\n<!-- \/ Yoast SEO plugin. -->","yoast_head_json":{"title":"Servi\u00e7os de Transforma\u00e7\u00e3o - AdvanceWorks","robots":{"index":"index","follow":"follow","max-snippet":"max-snippet:-1","max-image-preview":"max-image-preview:large","max-video-preview":"max-video-preview:-1"},"canonical":"https:\/\/advanceworks.ai\/pt\/servicos\/servicos-de-transformacao\/","og_locale":"pt_PT","og_type":"article","og_title":"Transformation Services - AdvanceWorks","og_description":"Services &#8211; Transformation Services Guiding your organization through change to achieve sustainable growth and success Transformation Services Our team has years of experience working with organizations of all sizes, and we understand the unique challenges and opportunities that each industry faces. We will be able to provide valuable insights and recommendations that are tailored to [&hellip;]","og_url":"https:\/\/advanceworks.ai\/pt\/servicos\/servicos-de-transformacao\/","og_site_name":"AdvanceWorks","article_publisher":"https:\/\/www.facebook.com\/people\/AdvanceWorks\/100087286743333\/","article_modified_time":"2024-12-19T14:33:14+00:00","og_image":[{"url":"https:\/\/advance.fredericoavo.com\/wp-content\/uploads\/2024\/05\/2150010138.png"}],"twitter_card":"summary_large_image","twitter_site":"@advanceworks0","twitter_misc":{"Tempo estimado de leitura":"2 minutos"},"schema":{"@context":"https:\/\/schema.org","@graph":[{"@type":"WebPage","@id":"https:\/\/advanceworks.ai\/services\/transformation-services\/","url":"https:\/\/advanceworks.ai\/services\/transformation-services\/","name":"Servi\u00e7os de Transforma\u00e7\u00e3o - AdvanceWorks","isPartOf":{"@id":"https:\/\/advanceworks.ai\/#website"},"primaryImageOfPage":{"@id":"https:\/\/advanceworks.ai\/services\/transformation-services\/#primaryimage"},"image":{"@id":"https:\/\/advanceworks.ai\/services\/transformation-services\/#primaryimage"},"thumbnailUrl":"https:\/\/advance.fredericoavo.com\/wp-content\/uploads\/2024\/05\/2150010138.png","datePublished":"2024-07-16T14:09:57+00:00","dateModified":"2024-12-19T14:33:14+00:00","breadcrumb":{"@id":"https:\/\/advanceworks.ai\/services\/transformation-services\/#breadcrumb"},"inLanguage":"pt-PT","potentialAction":[{"@type":"ReadAction","target":["https:\/\/advanceworks.ai\/services\/transformation-services\/"]}]},{"@type":"ImageObject","inLanguage":"pt-PT","@id":"https:\/\/advanceworks.ai\/services\/transformation-services\/#primaryimage","url":"https:\/\/advance.fredericoavo.com\/wp-content\/uploads\/2024\/05\/2150010138.png","contentUrl":"https:\/\/advance.fredericoavo.com\/wp-content\/uploads\/2024\/05\/2150010138.png"},{"@type":"BreadcrumbList","@id":"https:\/\/advanceworks.ai\/services\/transformation-services\/#breadcrumb","itemListElement":[{"@type":"ListItem","position":1,"name":"Home","item":"https:\/\/advanceworks.ai\/"},{"@type":"ListItem","position":2,"name":"Services","item":"https:\/\/advanceworks.ai\/services\/"},{"@type":"ListItem","position":3,"name":"Transformation Services"}]},{"@type":"WebSite","@id":"https:\/\/advanceworks.ai\/#website","url":"https:\/\/advanceworks.ai\/","name":"AdvanceWorks","description":"","publisher":{"@id":"https:\/\/advanceworks.ai\/#organization"},"potentialAction":[{"@type":"SearchAction","target":{"@type":"EntryPoint","urlTemplate":"https:\/\/advanceworks.ai\/?s={search_term_string}"},"query-input":{"@type":"PropertyValueSpecification","valueRequired":true,"valueName":"search_term_string"}}],"inLanguage":"pt-PT"},{"@type":"Organization","@id":"https:\/\/advanceworks.ai\/#organization","name":"AdvanceWorks","url":"https:\/\/advanceworks.ai\/","logo":{"@type":"ImageObject","inLanguage":"pt-PT","@id":"https:\/\/advanceworks.ai\/#\/schema\/logo\/image\/","url":"https:\/\/advance.fredericoavo.com\/wp-content\/uploads\/2024\/06\/logo-header-Ne.svg","contentUrl":"https:\/\/advance.fredericoavo.com\/wp-content\/uploads\/2024\/06\/logo-header-Ne.svg","width":825,"height":77,"caption":"AdvanceWorks"},"image":{"@id":"https:\/\/advanceworks.ai\/#\/schema\/logo\/image\/"},"sameAs":["https:\/\/www.facebook.com\/people\/AdvanceWorks\/100087286743333\/","https:\/\/x.com\/advanceworks0","https:\/\/www.instagram.com\/aw_advanceworks\/","https:\/\/pt.linkedin.com\/company\/advance-works"]}]}},"_links":{"self":[{"href":"https:\/\/advanceworks.ai\/pt\/wp-json\/wp\/v2\/pages\/21667","targetHints":{"allow":["GET"]}}],"collection":[{"href":"https:\/\/advanceworks.ai\/pt\/wp-json\/wp\/v2\/pages"}],"about":[{"href":"https:\/\/advanceworks.ai\/pt\/wp-json\/wp\/v2\/types\/page"}],"author":[{"embeddable":true,"href":"https:\/\/advanceworks.ai\/pt\/wp-json\/wp\/v2\/users\/2"}],"replies":[{"embeddable":true,"href":"https:\/\/advanceworks.ai\/pt\/wp-json\/wp\/v2\/comments?post=21667"}],"version-history":[{"count":34,"href":"https:\/\/advanceworks.ai\/pt\/wp-json\/wp\/v2\/pages\/21667\/revisions"}],"predecessor-version":[{"id":25232,"href":"https:\/\/advanceworks.ai\/pt\/wp-json\/wp\/v2\/pages\/21667\/revisions\/25232"}],"up":[{"embeddable":true,"href":"https:\/\/advanceworks.ai\/pt\/wp-json\/wp\/v2\/pages\/6697"}],"wp:attachment":[{"href":"https:\/\/advanceworks.ai\/pt\/wp-json\/wp\/v2\/media?parent=21667"}],"curies":[{"name":"wp","href":"https:\/\/api.w.org\/{rel}","templated":true}]}}